{"id":9221,"date":"2026-02-17T18:12:32","date_gmt":"2026-02-17T17:12:32","guid":{"rendered":"https:\/\/www.bouyaeditions.com\/?post_type=product&#038;p=9221"},"modified":"2026-02-17T18:30:29","modified_gmt":"2026-02-17T17:30:29","slug":"lhiver-des-ames-perdues-lodyssee-de-mandoumbe","status":"publish","type":"product","link":"https:\/\/www.bouyaeditions.com\/?product=lhiver-des-ames-perdues-lodyssee-de-mandoumbe","title":{"rendered":"L&rsquo;HIVER DES \u00c2MES PERDUES l&rsquo;odyss\u00e9e de Mandoumb\u00e9"},"content":{"rendered":"<p class=\"s3\"><span class=\"s5\">L&rsquo;Hiver des \u00c2mes Perdues : L\u2019odyss\u00e9e de Mandoumb\u00e9<\/span><\/p>\n<p class=\"s6\"><span class=\"s2\">Mandoumb\u00e9, jeune \u00e9tudiant s\u00e9n\u00e9galais \u00e0 la foi d&rsquo;acier, quitte sa terre natale pour les promesses de l\u2019Occident. Mais sous les lumi\u00e8res de Paris, l\u2019Eldorado se r\u00e9v\u00e8le \u00eatre un miroir aux alouettes. Aspir\u00e9 par le luxe feutr\u00e9 de \u00ab l\u2019H\u00f4tel Royal \u00bb et les th\u00e9ories d\u2019une libert\u00e9 sans limites, il d\u00e9couvre une soci\u00e9t\u00e9 qui, sous couvert de modernit\u00e9, s\u2019att\u00e8le \u00e0 briser les remparts de l\u2019\u00e2me.<\/span><\/p>\n<p class=\"s6\"><span class=\"s2\">Pris dans l\u2019engrenage d\u2019une passion d\u00e9vastatrice et confront\u00e9 \u00e0 un cynisme qui cherche \u00e0 s&rsquo;affranchir de toute tutelle divine, Mandoumb\u00e9 entame une descente aux enfers. De la d\u00e9bauche des ch\u00e2teaux \u00e0 l\u2019ab\u00eeme de la folie, son p\u00e9riple est celui d\u2019une g\u00e9n\u00e9ration tiraill\u00e9e entre ses racines et les mirages de l\u2019exil.<\/span><\/p>\n<p class=\"s6\"><span class=\"s2\">Ce roman est un cri du c\u0153ur, une trag\u00e9die m\u00e9taphysique o\u00f9 la r\u00e9demption ne peut venir que d\u2019un retour courageux vers soi et vers le Cr\u00e9ateur. Un plaidoyer puissant contre l&rsquo;immigration clandestine et pour la reconqu\u00eate de la dignit\u00e9 sur le sol des anc\u00eatres.<\/span><\/p>\n","protected":false},"excerpt":{"rendered":"<p class=\"s3\"><span class=\"s5\">L&rsquo;Hiver des \u00c2mes Perdues : L\u2019odyss\u00e9e de Mandoumb\u00e9<\/span><\/p>\n<p class=\"s6\"><span class=\"s2\">Mandoumb\u00e9, jeune \u00e9tudiant s\u00e9n\u00e9galais \u00e0 la foi d&rsquo;acier, quitte sa terre natale pour les promesses de l\u2019Occident. Mais sous les lumi\u00e8res de Paris, l\u2019Eldorado se r\u00e9v\u00e8le \u00eatre un miroir aux alouettes. Aspir\u00e9 par le luxe feutr\u00e9 de \u00ab l\u2019H\u00f4tel Royal \u00bb et les th\u00e9ories d\u2019une libert\u00e9 sans limites, il d\u00e9couvre une soci\u00e9t\u00e9 qui, sous couvert de modernit\u00e9, s\u2019att\u00e8le \u00e0 briser les remparts de l\u2019\u00e2me.<\/span><\/p>\n","protected":false},"featured_media":9222,"template":"","meta":[],"product_cat":[33,71,69],"product_tag":[72],"class_list":{"0":"post-9221","1":"product","2":"type-product","3":"status-publish","4":"has-post-thumbnail","6":"product_brand-nouveaute","7":"product_cat-arts-literature","8":"product_cat-nouveautes","9":"product_cat-roman","10":"product_tag-n","12":"first","13":"instock","14":"shipping-taxable","15":"purchasable","16":"product-type-simple"},"_links":{"self":[{"href":"https:\/\/www.bouyaeditions.com\/index.php?rest_route=\/wp\/v2\/product\/9221","targetHints":{"allow":["GET"]}}],"collection":[{"href":"https:\/\/www.bouyaeditions.com\/index.php?rest_route=\/wp\/v2\/product"}],"about":[{"href":"https:\/\/www.bouyaeditions.com\/index.php?rest_route=\/wp\/v2\/types\/product"}],"wp:featuredmedia":[{"embeddable":true,"href":"https:\/\/www.bouyaeditions.com\/index.php?rest_route=\/wp\/v2\/media\/9222"}],"wp:attachment":[{"href":"https:\/\/www.bouyaeditions.com\/index.php?rest_route=%2Fwp%2Fv2%2Fmedia&parent=9221"}],"wp:term":[{"taxonomy":"product_cat","embeddable":true,"href":"https:\/\/www.bouyaeditions.com\/index.php?rest_route=%2Fwp%2Fv2%2Fproduct_cat&post=9221"},{"taxonomy":"product_tag","embeddable":true,"href":"https:\/\/www.bouyaeditions.com\/index.php?rest_route=%2Fwp%2Fv2%2Fproduct_tag&post=9221"}],"curies":[{"name":"wp","href":"https:\/\/api.w.org\/{rel}","templated":true}]}}