{"id":9216,"date":"2026-02-17T17:48:50","date_gmt":"2026-02-17T16:48:50","guid":{"rendered":"https:\/\/www.bouyaeditions.com\/?post_type=product&#038;p=9216"},"modified":"2026-02-17T18:28:46","modified_gmt":"2026-02-17T17:28:46","slug":"la-longue-nuit","status":"publish","type":"product","link":"https:\/\/www.bouyaeditions.com\/?product=la-longue-nuit","title":{"rendered":"La longue nuit"},"content":{"rendered":"<p>Oui, la science avait \u00e9t\u00e9 dite.Elle avait fait fi des \u00e9motions, des supplications du patient: \u00ab\u00a0Docteur, faites que je revoie, car j&rsquo;ai une femme et des enfants en bas \u00e2ge.Ils ont besoin de moi pour les accompagner dans la vie.\u00a0\u00bb Mais rien n&rsquo;y fit, la d\u00e9cision divine avait \u00e9t\u00e9 prise et relay\u00e9e par la science : Moustapha ne verrait plus.<\/p>\n","protected":false},"excerpt":{"rendered":"<p>Oui, la science avait \u00e9t\u00e9 dite.Elle avait fait fi des \u00e9motions, des supplications du patient: \u00ab\u00a0Docteur, faites que je revoie, car j&rsquo;ai une femme et des enfants en bas \u00e2ge.Ils ont besoin de moi pour les accompagner dans la vie.\u00a0\u00bb Mais rien n&rsquo;y fit, la d\u00e9cision divine avait \u00e9t\u00e9 prise et relay\u00e9e par la science : Moustapha ne verrait plus.<\/p>\n","protected":false},"featured_media":9217,"template":"","meta":[],"product_cat":[33,69],"product_tag":[73],"class_list":{"0":"post-9216","1":"product","2":"type-product","3":"status-publish","4":"has-post-thumbnail","6":"product_cat-arts-literature","7":"product_cat-roman","8":"product_tag-ancien","10":"first","11":"instock","12":"shipping-taxable","13":"purchasable","14":"product-type-simple"},"_links":{"self":[{"href":"https:\/\/www.bouyaeditions.com\/index.php?rest_route=\/wp\/v2\/product\/9216","targetHints":{"allow":["GET"]}}],"collection":[{"href":"https:\/\/www.bouyaeditions.com\/index.php?rest_route=\/wp\/v2\/product"}],"about":[{"href":"https:\/\/www.bouyaeditions.com\/index.php?rest_route=\/wp\/v2\/types\/product"}],"wp:featuredmedia":[{"embeddable":true,"href":"https:\/\/www.bouyaeditions.com\/index.php?rest_route=\/wp\/v2\/media\/9217"}],"wp:attachment":[{"href":"https:\/\/www.bouyaeditions.com\/index.php?rest_route=%2Fwp%2Fv2%2Fmedia&parent=9216"}],"wp:term":[{"taxonomy":"product_cat","embeddable":true,"href":"https:\/\/www.bouyaeditions.com\/index.php?rest_route=%2Fwp%2Fv2%2Fproduct_cat&post=9216"},{"taxonomy":"product_tag","embeddable":true,"href":"https:\/\/www.bouyaeditions.com\/index.php?rest_route=%2Fwp%2Fv2%2Fproduct_tag&post=9216"}],"curies":[{"name":"wp","href":"https:\/\/api.w.org\/{rel}","templated":true}]}}