{"id":9111,"date":"2026-02-11T15:23:00","date_gmt":"2026-02-11T14:23:00","guid":{"rendered":"https:\/\/www.bouyaeditions.com\/?page_id=9111"},"modified":"2026-02-17T19:11:07","modified_gmt":"2026-02-17T18:11:07","slug":"lauteur-la-maison","status":"publish","type":"page","link":"https:\/\/www.bouyaeditions.com\/?page_id=9111","title":{"rendered":"L&rsquo;auteur &#038; la maison"},"content":{"rendered":"\n<p>Portrait de l&rsquo;Auteur : Sidy Bouya Mbaye<br>Romancier, po\u00e8te et homme d&rsquo;engagement, Sidy Bouya Mbaye construit depuis plus d&rsquo;une d\u00e9cennie une \u0153uvre litt\u00e9raire dense, o\u00f9 la qu\u00eate de libert\u00e9 dialogue avec les myst\u00e8res de l&rsquo;\u00e2me humaine.<br>Son parcours d&rsquo;\u00e9crivain, d\u00e9but\u00e9 chez L&rsquo;Harmattan, se poursuit aujourd&rsquo;hui au c\u0153ur de sa propre maison, affirmant une voix singuli\u00e8re dans le paysage litt\u00e9raire s\u00e9n\u00e9galais et international. Au-del\u00e0 de la plume, il pr\u00e9side depuis 2005 l&rsquo;Alliance pour la Conscience Citoyenne (ACC &#8211; NITT\u00c9), t\u00e9moignant d&rsquo;une volont\u00e9 constante d&rsquo;allier l&rsquo;esth\u00e9tique des mots \u00e0 l&rsquo;\u00e9thique de l&rsquo;action.<br>Bibliographie S\u00e9lective<br>Aux \u00c9ditions L&rsquo;Harmattan :<br>Le Rescap\u00e9 (France, 2014)<br>La Longue Nuit (S\u00e9n\u00e9gal)<br>Volupt\u00e9 Fatale (S\u00e9n\u00e9gal)<br>Aux \u00c9ditions Bouya \u00c9ditions :<br>Les Cha\u00eenes de la Libert\u00e9 (2024)<br>La Mar\u00e9e du Sang (2026)<br>2024\u2026 Et si Orwell avait raison ? \u2013 L&rsquo;\u00e2me humaine, dernier bastion imprenable<br>L&rsquo;Hiver des \u00c2mes Perdues \u2013 L&rsquo;Odyss\u00e9e de Mandoumb\u00e9<br>La Nuit de Moutoufa \u2013 Le Voyageur de l&rsquo;Invisible<br>\u00c0 para\u00eetre prochainement :<br>Les Semailles de l&rsquo;Invisible : Une trilogie po\u00e9tique majeure en trois tomes, explorant les profondeurs de la spiritualit\u00e9 et du lyrisme.<br>Pr\u00e9sentation de Bouya \u00c9ditions<br>Fond\u00e9e sur une vision d&rsquo;excellence et de transmission, Bouya \u00c9ditions est dirig\u00e9e par Sidy Bouya Mbaye, Administrateur G\u00e9n\u00e9ral depuis novembre 2023. La maison se veut un espace de libert\u00e9 intellectuelle et de rayonnement culturel.<br>Notre Ligne \u00c9ditoriale : \u00ab\u00a0\u00c9veiller les Consciences\u00a0\u00bb<br>La ligne \u00e9ditoriale de Bouya \u00c9ditions s&rsquo;articule autour de trois piliers fondamentaux :<br>L&rsquo;Exigence Litt\u00e9raire : Nous privil\u00e9gions des \u0153uvres \u00e0 la narration puissante, qu&rsquo;il s&rsquo;agisse de romans ancr\u00e9s dans le r\u00e9el ou de r\u00e9cits d&rsquo;anticipation questionnant notre futur (\u00e0 l&rsquo;image de nos r\u00e9flexions sur l&rsquo;h\u00e9ritage orwellien).<br>La Qu\u00eate Spirituelle et Po\u00e9tique : \u00c0 travers la po\u00e9sie et le r\u00e9cit m\u00e9taphorique, nous explorons \u00ab\u00a0l&rsquo;invisible\u00a0\u00bb et les dimensions immat\u00e9rielles de l&rsquo;existence humaine.<br>L&rsquo;Engagement Citoyen : Fid\u00e8le aux valeurs de son fondateur, la maison soutient les \u00e9crits qui favorisent la conscience civique, l&rsquo;analyse sociale et la dignit\u00e9 humaine.<br>Chez Bouya \u00c9ditions, nous croyons que le livre est le premier outil de transformation sociale et le dernier refuge de la pens\u00e9e libre<\/p>\n\n\n<div class=\"wp-block-image\">\n<figure class=\"aligncenter size-full\"><img fetchpriority=\"high\" decoding=\"async\" width=\"686\" height=\"386\" src=\"https:\/\/www.bouyaeditions.com\/wp-content\/uploads\/2022\/02\/hq720.jpg\" alt=\"\" class=\"wp-image-9204\" srcset=\"https:\/\/www.bouyaeditions.com\/wp-content\/uploads\/2022\/02\/hq720.jpg 686w, https:\/\/www.bouyaeditions.com\/wp-content\/uploads\/2022\/02\/hq720-300x169.jpg 300w, https:\/\/www.bouyaeditions.com\/wp-content\/uploads\/2022\/02\/hq720-450x253.jpg 450w\" sizes=\"(max-width: 686px) 100vw, 686px\" \/><\/figure>\n<\/div>","protected":false},"excerpt":{"rendered":"<p>Portrait de l&rsquo;Auteur : Sidy Bouya MbayeRomancier, po\u00e8te et homme d&rsquo;engagement, Sidy Bouya Mbaye construit depuis plus d&rsquo;une d\u00e9cennie une \u0153uvre litt\u00e9raire dense, o\u00f9 la qu\u00eate de libert\u00e9 dialogue avec les myst\u00e8res de l&rsquo;\u00e2me humaine.Son parcours d&rsquo;\u00e9crivain, d\u00e9but\u00e9 chez L&rsquo;Harmattan, se poursuit aujourd&rsquo;hui au c\u0153ur de sa propre maison, affirmant une voix singuli\u00e8re dans le [&hellip;]<\/p>\n","protected":false},"author":1,"featured_media":0,"parent":0,"menu_order":0,"comment_status":"closed","ping_status":"closed","template":"","meta":{"footnotes":""},"class_list":["post-9111","page","type-page","status-publish","hentry"],"_links":{"self":[{"href":"https:\/\/www.bouyaeditions.com\/index.php?rest_route=\/wp\/v2\/pages\/9111","targetHints":{"allow":["GET"]}}],"collection":[{"href":"https:\/\/www.bouyaeditions.com\/index.php?rest_route=\/wp\/v2\/pages"}],"about":[{"href":"https:\/\/www.bouyaeditions.com\/index.php?rest_route=\/wp\/v2\/types\/page"}],"author":[{"embeddable":true,"href":"https:\/\/www.bouyaeditions.com\/index.php?rest_route=\/wp\/v2\/users\/1"}],"replies":[{"embeddable":true,"href":"https:\/\/www.bouyaeditions.com\/index.php?rest_route=%2Fwp%2Fv2%2Fcomments&post=9111"}],"version-history":[{"count":2,"href":"https:\/\/www.bouyaeditions.com\/index.php?rest_route=\/wp\/v2\/pages\/9111\/revisions"}],"predecessor-version":[{"id":9263,"href":"https:\/\/www.bouyaeditions.com\/index.php?rest_route=\/wp\/v2\/pages\/9111\/revisions\/9263"}],"wp:attachment":[{"href":"https:\/\/www.bouyaeditions.com\/index.php?rest_route=%2Fwp%2Fv2%2Fmedia&parent=9111"}],"curies":[{"name":"wp","href":"https:\/\/api.w.org\/{rel}","templated":true}]}}